{"id":1906,"date":"2022-03-17T21:58:51","date_gmt":"2022-03-17T20:58:51","guid":{"rendered":"http:\/\/meinels-inn.de\/?page_id=1906"},"modified":"2022-06-27T18:55:39","modified_gmt":"2022-06-27T16:55:39","slug":"hausordnung","status":"publish","type":"page","link":"https:\/\/meinels-inn.de\/?page_id=1906","title":{"rendered":"Hausordnung"},"content":{"rendered":"<p>[vc_row][vc_column][vc_column_text]<b>Allgemein<\/b><\/p>\n<p>Bitte geht mit der gesamten Einrichtung und dem Inventar sorgsam um und behandelt das Mietobjekt pfleglich. Tragt bitte Sorge daf\u00fcr, dass auch eure Mitreisenden, die Mietbedingungen einhalten.<\/p>\n<p><b>K\u00fcche<\/b><\/p>\n<p>Bitte geht mit der gesamten Einrichtung und dem Inventar sorgsam um und behandelt das Mietobjekt pfleglich. Tragt bitte Sorge daf\u00fcr, dass auch eure Mitreisenden, die Mietbedingungen einhalten.<\/p>\n<p>Da eine verschmutzte K\u00fcche niemanden erfreut, stellt bitte Geschirr, T\u00f6pfe und Besteck nur in sauberem und trockenem Zustand in die Schr\u00e4nke. Stellt hei\u00dfe T\u00f6pfe und andere hei\u00dfe Gegenst\u00e4nde bitte nicht ohne Untersetzer auf die Tische oder die Arbeitsplatte. Benutzt zum Schneiden immer ein Schneidebrett als Unterlage. Hinterlasst den Innenraum von Backofen und Mikrowelle bitte im sauberen Zustand.<\/p>\n<p><b>Besch\u00e4digungen<\/b><\/p>\n<p>Niemand besch\u00e4digt absichtlich Sachen, es kann jedoch jedem passieren, dass einmal etwas kaputt geht. Teilt uns daher entstandenen Schaden mit, so dass wir diesen, nicht erst nach Ihrer Abreise bei der Endreinigung feststellen. Der Mieter haftet f\u00fcr Besch\u00e4digungen, in H\u00f6he der Wiederbeschaffungskosten.<\/p>\n<p>L\u00fcften<\/p>\n<p><b>Sorgfaltspflicht<\/b><\/p>\n<p>Die Eingangst\u00fcr soll grunds\u00e4tzlich geschlossen sein und beim Verlassen des Hauses per Schl\u00fcssel verschlossen werden. Ebenso sind auch alle Fenster bei Verlassen der Wohnung zu schlie\u00dfen, um m\u00f6gliche Sch\u00e4den durch Unwetter oder Einbruch zu vermeiden. Mit den Ressourcen Wasser und Strom ist schonend umzugehen. Zur Vermeidung von Schimmelbildung sind die R\u00e4ume ausreichend zu l\u00fcften, mindestens 1x Sto\u00dfl\u00fcftung am Tag f\u00fcr 5-10 min und insbesondere nach dem Duschen.<\/p>\n<p><b>Entsorgung<\/b><\/p>\n<p>Der Abfall wird nach Restm\u00fcll, Glas, Papier und Verpackungen mit dem gr\u00fcnen Punkt getrennt. Entsprechende Beh\u00e4ltnisse stehen auf dem Grundst\u00fcck zur Verf\u00fcgung. M\u00fclleimer und Kosmetikeimer im Bad bitte nur mit M\u00fcllt\u00fcten benutzen und diese verschlossen in die Restm\u00fclltonne entsorgen. In die K\u00fcchensp\u00fcle, die Toiletten, die Waschbecken und Dusche d\u00fcrfen keine Abf\u00e4lle, Essensreste, sch\u00e4dliche Fl\u00fcssigkeiten oder \u00c4hnliches geworfen bzw. gesch\u00fcttet werden! Vermeidet alles, was zu Verstopfungen der Leitungen f\u00fchren kann (keine Hygieneartikel in die Toilette).<\/p>\n<p><b>Reinigung<\/b><\/p>\n<p>Sollten euch einmal ein Missgeschick (extremer Schmutz, Fl\u00fcssigkeiten auf Boden oder Arbeitsfl\u00e4chen usw.) passieren, ist dies sofort zu beseitigen. Die Ferienwohnung ist bei Abreise besenrein zu hinterlassen und alles benutzte Geschirr wieder sauber in die Schr\u00e4nke einzur\u00e4umen.<\/p>\n<p><b>Ruhezeiten<\/b><\/p>\n<p>Im Sinne einer guten Nachbarschaft bitten wir, die \u00f6ffentlichen Ruhezeiten wie Mittag-, Nacht- und Sonntagsruhe einzuhalten. Auch in der Ferienwohnung selbst sollte aus R\u00fccksicht zwischen 21:30 und 7:00 Uhr Ruhe gehalten werden. Partys und \u00fcberm\u00e4\u00dfiger L\u00e4rm sind nicht gestattet, auch nicht auf Balkonen und in Gemeinschaftsr\u00e4umen.<\/p>\n<p><b>Internet\/WLAN<\/b><\/p>\n<p>In der Ferienwohnung\/im Ferienhaus ist ein kabelloser Internetanschluss (WLAN) vorhanden. Der Zugangs-Code wird rechtzeitig versand.<\/p>\n<p>Die Nutzung des Internets mit Ihrem eigenen WLAN-f\u00e4higen Endger\u00e4t (Notebook, PDA, Smartphone etc.) \u00fcber den WLAN-Anschluss ist f\u00fcr den Mieter kostenlos. Sie nutzen das Internet auf eigene Gefahr, der Vermieter schlie\u00dft jede Haftung im Zusammenhang mit der Internetnutzung des Mieters aus. F\u00fcr die Nutzung des Internetzugangs \u00fcber WLAN sind zus\u00e4tzlich die WLAN Nutzungsregeln zu ber\u00fccksichtigen.<\/p>\n<p><b>Rauchen<\/b><\/p>\n<p>Rauchen ist in der Ferienwohnung\/dem Ferienhaus nicht erlaubt. Zum Rauchen ist das Ferienhaus zu verlassen. Entsorgt bitte die vollst\u00e4ndig erkalteten Zigarettenreste in die M\u00fclltonne. Bei Verst\u00f6\u00dfen gegen das Rauchverbot wird eine Geldstrafe von 250 \u20ac zuz\u00fcglich der Kosten f\u00fcr Reinigung, Deodorieren, Ozonbehandlung<span class=\"Apple-converted-space\">\u00a0\u00a0<\/span>und Reparatur von Sch\u00e4den erhoben.<\/p>\n<p><b>Haustiere<\/b><\/p>\n<p>Das Mitbringen von Haustieren ist nicht erlaubt.<\/p>\n<p><b>Parkm\u00f6glichkeiten<\/b><\/p>\n<p>Soweit ein Stellplatz zur Verf\u00fcgung gestellt wird, kommt dadurch kein Verwahrungsvertrag zustande. Bei Abhandenkommen oder Besch\u00e4digung auf dem Grundst\u00fcck abgestellter oder rangierter Kraftfahrzeuge und deren Inhalte haftet der Vermieter nicht, au\u00dfer bei Vorsatz oder grober Fahrl\u00e4ssigkeit.<\/p>\n<p><b>Hausrecht und \u00dcberwachung<\/b><\/p>\n<p>Bei sofort notwendigen Reparaturen kann es unerl\u00e4sslich sein, dass der Vermieter die Ferienwohnung ohne Wissen des Gastes betreten muss.<\/p>\n<p><span class=\"Apple-converted-space\">\u00a0<\/span>In der Wohnung kann eine Ger\u00e4uscherkennungstechnologie verwendet werden, um \u00fcberm\u00e4\u00dfige Ger\u00e4uschpegel zu \u00fcberwachen. Au\u00dfenbereiche k\u00f6nnen ggfs. mit Kamera \u00fcberwacht werden.<\/p>\n<p><b>Schl\u00fcssel<\/b><\/p>\n<p>Nachfolgendes gilt nur wenn ein Schl\u00fcssel ausgeh\u00e4ndigt wird: Bitte gebt die Schl\u00fcssel nie aus der Hand. Ein Verlust der Schl\u00fcssel ist umgehend zu melden und der Gast haftet bis zur H\u00f6he der Wiederbeschaffungskosten. Die Schl\u00fcssel sind nach R\u00fcckkehr wieder in den Schl\u00fcsselsafe zu geben. Sch\u00e4den und Kosten die aus einer nicht ordnungsgem\u00e4\u00dfen R\u00fcckgabe entstehen tr\u00e4gt der Gast (z.B. Schadensersatz aufgrund Ersatzleistung gegen\u00fcber neuem Gast der nicht einchecken kann<span class=\"Apple-converted-space\">\u00a0\u00a0<\/span>und\/oder die Kosten eines Buchungsausfalls, Kosten Schl\u00fcsseldienst).<\/p>\n<p>Die Mindestgeb\u00fchr f\u00fcr eine Ersatzleistung betr\u00e4gt 80,-, kann aber<span class=\"Apple-converted-space\">\u00a0\u00a0<\/span>je nach Aufwand auch deutlich h\u00f6her ausfallen.<\/p>\n<p><b>Haftung<\/b><\/p>\n<p>Der Vermieter haftet nicht f\u00fcr Wertgegenst\u00e4nde des Gastes\/der G\u00e4ste.<\/p>\n<p><b>An- und Abreise<\/b><\/p>\n<p>Die Anreise (Check-in) erfolgt ab 16h . Am Abreisetag bitten wir unsere G\u00e4ste das Ferienhaus bis sp\u00e4testens 10 Uhr freizugeben. Bei eurer Abreise sollte das Ferienhaus besenrein \u00fcbergeben werden. Die Kosten die aufgrund eines versp\u00e4teten Check-outs entstehen (z.B. erh\u00f6hte Reinigungskosten) tr\u00e4gt der Gast. Fr\u00fcherer Check-in, sp\u00e4terer Check-out ist je nach Verf\u00fcgbarkeit gegen Geb\u00fchr m\u00f6glich.<span class=\"Apple-converted-space\">\u00a0<\/span><\/p>\n<p><b>Kommerzielle Fotografie\/Videografie<\/b><\/p>\n<p>Kommerzielle Fotografie\/Videografie ohne schriftliche Zustimmung sind untersagt.\u00a0Zuwiderhandlungen f\u00fchren zu einer Strafzahlung von 500,- EUR pro Tag des Versto\u00dfes.<\/p>\n<p><b>Illegale Aktivit\u00e4ten<\/b><\/p>\n<p>Illegale Aktivit\u00e4ten (bspw. Prostitution) sind strengstens untersagt und werden strafrechtlich und zivilrechtlich verfolgt.<\/p>\n<p><b>\u00dcberschreiten der Gastanzahl<\/b><\/p>\n<p>\u00dcbernachtungsg\u00e4ste, die die in der Reservierung angegebene Anzahl \u00fcberschreiten, sind nicht erlaubt. Bei Zuwiderhandlungen wird eine Geb\u00fchr von 60,- EUR pro zus\u00e4tzlichem Gast\/Nacht erhoben.<\/p>\n<p>Mit der Buchung der Ferienwohnung gehen wir davon aus, dass die Hausordnung anerkannt wird.[\/vc_column_text][\/vc_column][\/vc_row][vc_row full_width=&#8220;stretch_row&#8220; css=&#8220;.vc_custom_1655225474888{margin-top: 30px !important;padding-top: 30px !important;padding-bottom: 0px !important;background-color: #2d2d2d !important;}&#8220; el_class=&#8220;footer&#8220;][vc_column css=&#8220;.vc_custom_1651953243970{padding-top: 30px !important;padding-bottom: 20px !important;}&#8220;][vc_row_inner][vc_column_inner width=&#8220;1\/4&#8243;][vc_single_image image=&#8220;1781&#8243; img_size=&#8220;145&#215;83&#8243;][\/vc_column_inner][vc_column_inner width=&#8220;1\/4&#8243;][vc_column_text css=&#8220;.vc_custom_1656348936572{padding-bottom: 30px !important;}&#8220;]<\/p>\n<p style=\"text-align: left;\"><em>Adresse<\/em><br \/>\nMeinels-Inn<br \/>\nWiedbachstra\u00dfe 8<br \/>\n57629 Dreifelden<\/p>\n<p>[\/vc_column_text][\/vc_column_inner][vc_column_inner width=&#8220;1\/4&#8243;][vc_column_text css=&#8220;.vc_custom_1655224962859{padding-bottom: 30px !important;}&#8220;]<\/p>\n<p style=\"text-align: left;\"><em>Telefon<\/em><br \/>\n+49 2666 218 09 00<\/p>\n<p style=\"text-align: left;\"><em>E-Mail<\/em><br \/>\ninfo@meinels-inn.de<\/p>\n<p>[\/vc_column_text][\/vc_column_inner][vc_column_inner width=&#8220;1\/4&#8243;][vc_wp_custommenu nav_menu=&#8220;35&#8243;][\/vc_column_inner][\/vc_row_inner][\/vc_column][\/vc_row]<\/p>\n","protected":false},"excerpt":{"rendered":"<p>[vc_row][vc_column][vc_column_text]Allgemein Bitte geht mit der gesamten Einrichtung und dem Inventar sorgsam um und behandelt das Mietobjekt pfleglich. Tragt bitte Sorge daf\u00fcr, dass auch eure Mitreisenden, die Mietbedingungen einhalten. K\u00fcche Bitte geht mit der gesamten Einrichtung und dem Inventar sorgsam um und behandelt das Mietobjekt pfleglich. Tragt bitte Sorge daf\u00fcr, dass auch eure Mitreisenden, die Mietbedingungen [&hellip;]<\/p>\n","protected":false},"author":1,"featured_media":0,"parent":0,"menu_order":0,"comment_status":"closed","ping_status":"closed","template":"","meta":{"footnotes":""},"class_list":["post-1906","page","type-page","status-publish","hentry"],"_links":{"self":[{"href":"https:\/\/meinels-inn.de\/index.php?rest_route=\/wp\/v2\/pages\/1906","targetHints":{"allow":["GET"]}}],"collection":[{"href":"https:\/\/meinels-inn.de\/index.php?rest_route=\/wp\/v2\/pages"}],"about":[{"href":"https:\/\/meinels-inn.de\/index.php?rest_route=\/wp\/v2\/types\/page"}],"author":[{"embeddable":true,"href":"https:\/\/meinels-inn.de\/index.php?rest_route=\/wp\/v2\/users\/1"}],"replies":[{"embeddable":true,"href":"https:\/\/meinels-inn.de\/index.php?rest_route=%2Fwp%2Fv2%2Fcomments&post=1906"}],"version-history":[{"count":3,"href":"https:\/\/meinels-inn.de\/index.php?rest_route=\/wp\/v2\/pages\/1906\/revisions"}],"predecessor-version":[{"id":2492,"href":"https:\/\/meinels-inn.de\/index.php?rest_route=\/wp\/v2\/pages\/1906\/revisions\/2492"}],"wp:attachment":[{"href":"https:\/\/meinels-inn.de\/index.php?rest_route=%2Fwp%2Fv2%2Fmedia&parent=1906"}],"curies":[{"name":"wp","href":"https:\/\/api.w.org\/{rel}","templated":true}]}}